{"id":39,"date":"2023-06-29T19:55:39","date_gmt":"2023-06-29T22:55:39","guid":{"rendered":"https:\/\/donatosolucoes.com.br\/?page_id=39"},"modified":"2024-08-14T11:13:54","modified_gmt":"2024-08-14T14:13:54","slug":"home","status":"publish","type":"page","link":"https:\/\/donatosolucoes.com.br\/","title":{"rendered":"Home"},"content":{"rendered":"\t\t<div data-elementor-type=\"wp-page\" data-elementor-id=\"39\" class=\"elementor elementor-39\" data-elementor-post-type=\"page\">\n\t\t\t\t<div class=\"elementor-element elementor-element-aa0f42b e-flex e-con-boxed e-con e-parent\" data-id=\"aa0f42b\" data-element_type=\"container\" data-settings=\"{&quot;background_background&quot;:&quot;classic&quot;}\">\n\t\t\t\t\t<div class=\"e-con-inner\">\n\t\t<div class=\"elementor-element elementor-element-09f237c e-flex e-con-boxed e-con e-child\" data-id=\"09f237c\" data-element_type=\"container\">\n\t\t\t\t\t<div class=\"e-con-inner\">\n\t\t\t\t<div class=\"elementor-element elementor-element-49d4bdb elementor-widget elementor-widget-image\" data-id=\"49d4bdb\" data-element_type=\"widget\" data-widget_type=\"image.default\">\n\t\t\t\t<div class=\"elementor-widget-container\">\n\t\t\t\t\t\t\t\t\t\t\t\t\t\t\t<img fetchpriority=\"high\" decoding=\"async\" width=\"778\" height=\"366\" src=\"https:\/\/donatosolucoes.com.br\/wp-content\/uploads\/2024\/08\/Logo-Donato.png\" class=\"attachment-full size-full wp-image-384\" alt=\"\" srcset=\"https:\/\/donatosolucoes.com.br\/wp-content\/uploads\/2024\/08\/Logo-Donato.png 778w, https:\/\/donatosolucoes.com.br\/wp-content\/uploads\/2024\/08\/Logo-Donato-300x141.png 300w, https:\/\/donatosolucoes.com.br\/wp-content\/uploads\/2024\/08\/Logo-Donato-768x361.png 768w\" sizes=\"(max-width: 778px) 100vw, 778px\" \/>\t\t\t\t\t\t\t\t\t\t\t\t\t\t\t<\/div>\n\t\t\t\t<\/div>\n\t\t\t\t\t<\/div>\n\t\t\t\t<\/div>\n\t\t\t\t\t<\/div>\n\t\t\t\t<\/div>\n\t\t<div class=\"elementor-element elementor-element-c23c809 e-flex e-con-boxed e-con e-parent\" data-id=\"c23c809\" data-element_type=\"container\" id=\"sobre\">\n\t\t\t\t\t<div class=\"e-con-inner\">\n\t\t<div class=\"elementor-element elementor-element-fdd6c41 e-flex e-con-boxed e-con e-child\" data-id=\"fdd6c41\" data-element_type=\"container\">\n\t\t\t\t\t<div class=\"e-con-inner\">\n\t\t\t\t<div class=\"elementor-element elementor-element-d96c8cb elementor-widget elementor-widget-heading\" data-id=\"d96c8cb\" data-element_type=\"widget\" data-widget_type=\"heading.default\">\n\t\t\t\t<div class=\"elementor-widget-container\">\n\t\t\t\t\t<h2 class=\"elementor-heading-title elementor-size-default\">Nossa hist\u00f3ria<\/h2>\t\t\t\t<\/div>\n\t\t\t\t<\/div>\n\t\t\t\t\t<\/div>\n\t\t\t\t<\/div>\n\t\t<div class=\"elementor-element elementor-element-5339a1a e-flex e-con-boxed e-con e-child\" data-id=\"5339a1a\" data-element_type=\"container\">\n\t\t\t\t\t<div class=\"e-con-inner\">\n\t\t<div class=\"elementor-element elementor-element-1ae13d3 e-flex e-con-boxed e-con e-child\" data-id=\"1ae13d3\" data-element_type=\"container\">\n\t\t\t\t\t<div class=\"e-con-inner\">\n\t\t\t\t<div class=\"elementor-element elementor-element-19c7107 elementor-widget elementor-widget-text-editor\" data-id=\"19c7107\" data-element_type=\"widget\" data-widget_type=\"text-editor.default\">\n\t\t\t\t<div class=\"elementor-widget-container\">\n\t\t\t\t\t\t\t\t\tA Donato Solu\u00e7\u00f5es Industrias, possui 20 anos de experi\u00eancia no mercado de Correias. Temos como miss\u00e3o solucionar problemas existentes e desenvolver novos projetos.\n\n\t\t\t\t\t\t\t\t<\/div>\n\t\t\t\t<\/div>\n\t\t\t\t\t<\/div>\n\t\t\t\t<\/div>\n\t\t<div class=\"elementor-element elementor-element-7c5b993 e-flex e-con-boxed elementor-invisible e-con e-child\" data-id=\"7c5b993\" data-element_type=\"container\" data-settings=\"{&quot;animation&quot;:&quot;fadeIn&quot;}\">\n\t\t\t\t\t<div class=\"e-con-inner\">\n\t\t\t\t<div class=\"elementor-element elementor-element-f457a06 elementor-icon-list--layout-traditional elementor-list-item-link-full_width elementor-widget elementor-widget-icon-list\" data-id=\"f457a06\" data-element_type=\"widget\" data-widget_type=\"icon-list.default\">\n\t\t\t\t<div class=\"elementor-widget-container\">\n\t\t\t\t\t\t\t<ul class=\"elementor-icon-list-items\">\n\t\t\t\t\t\t\t<li class=\"elementor-icon-list-item\">\n\t\t\t\t\t\t\t\t\t\t\t<span class=\"elementor-icon-list-icon\">\n\t\t\t\t\t\t\t<i aria-hidden=\"true\" class=\"fas fa-check-circle\"><\/i>\t\t\t\t\t\t<\/span>\n\t\t\t\t\t\t\t\t\t\t<span class=\"elementor-icon-list-text\">Qualidade<\/span>\n\t\t\t\t\t\t\t\t\t<\/li>\n\t\t\t\t\t\t\t\t<li class=\"elementor-icon-list-item\">\n\t\t\t\t\t\t\t\t\t\t\t<span class=\"elementor-icon-list-icon\">\n\t\t\t\t\t\t\t<i aria-hidden=\"true\" class=\"fas fa-check-circle\"><\/i>\t\t\t\t\t\t<\/span>\n\t\t\t\t\t\t\t\t\t\t<span class=\"elementor-icon-list-text\">Efici\u00eancia<\/span>\n\t\t\t\t\t\t\t\t\t<\/li>\n\t\t\t\t\t\t<\/ul>\n\t\t\t\t\t\t<\/div>\n\t\t\t\t<\/div>\n\t\t\t\t<div class=\"elementor-element elementor-element-6cd82a0 elementor-icon-list--layout-traditional elementor-list-item-link-full_width elementor-widget elementor-widget-icon-list\" data-id=\"6cd82a0\" data-element_type=\"widget\" data-widget_type=\"icon-list.default\">\n\t\t\t\t<div class=\"elementor-widget-container\">\n\t\t\t\t\t\t\t<ul class=\"elementor-icon-list-items\">\n\t\t\t\t\t\t\t<li class=\"elementor-icon-list-item\">\n\t\t\t\t\t\t\t\t\t\t\t<span class=\"elementor-icon-list-icon\">\n\t\t\t\t\t\t\t<i aria-hidden=\"true\" class=\"fas fa-check-circle\"><\/i>\t\t\t\t\t\t<\/span>\n\t\t\t\t\t\t\t\t\t\t<span class=\"elementor-icon-list-text\">Experi\u00eancia<\/span>\n\t\t\t\t\t\t\t\t\t<\/li>\n\t\t\t\t\t\t\t\t<li class=\"elementor-icon-list-item\">\n\t\t\t\t\t\t\t\t\t\t\t<span class=\"elementor-icon-list-icon\">\n\t\t\t\t\t\t\t<i aria-hidden=\"true\" class=\"fas fa-check-circle\"><\/i>\t\t\t\t\t\t<\/span>\n\t\t\t\t\t\t\t\t\t\t<span class=\"elementor-icon-list-text\">Inova\u00e7\u00e3o<\/span>\n\t\t\t\t\t\t\t\t\t<\/li>\n\t\t\t\t\t\t<\/ul>\n\t\t\t\t\t\t<\/div>\n\t\t\t\t<\/div>\n\t\t\t\t\t<\/div>\n\t\t\t\t<\/div>\n\t\t\t\t\t<\/div>\n\t\t\t\t<\/div>\n\t\t\t\t\t<\/div>\n\t\t\t\t<\/div>\n\t\t<div class=\"elementor-element elementor-element-c315cca e-flex e-con-boxed e-con e-parent\" data-id=\"c315cca\" data-element_type=\"container\" id=\"produtos\">\n\t\t\t\t\t<div class=\"e-con-inner\">\n\t\t<div class=\"elementor-element elementor-element-4e593bf e-flex e-con-boxed e-con e-child\" data-id=\"4e593bf\" data-element_type=\"container\">\n\t\t\t\t\t<div class=\"e-con-inner\">\n\t\t\t\t<div class=\"elementor-element elementor-element-9f64242 elementor-widget elementor-widget-heading\" data-id=\"9f64242\" data-element_type=\"widget\" data-widget_type=\"heading.default\">\n\t\t\t\t<div class=\"elementor-widget-container\">\n\t\t\t\t\t<h2 class=\"elementor-heading-title elementor-size-default\">Produtos<\/h2>\t\t\t\t<\/div>\n\t\t\t\t<\/div>\n\t\t\t\t<div class=\"elementor-element elementor-element-427c7c5 elementor-widget elementor-widget-text-editor\" data-id=\"427c7c5\" data-element_type=\"widget\" data-widget_type=\"text-editor.default\">\n\t\t\t\t<div class=\"elementor-widget-container\">\n\t\t\t\t\t\t\t\t\tVeja nossos produtos e suas especifica\u00e7\u00f5es\n\n\t\t\t\t\t\t\t\t<\/div>\n\t\t\t\t<\/div>\n\t\t\t\t\t<\/div>\n\t\t\t\t<\/div>\n\t\t<div class=\"elementor-element elementor-element-5090b50 e-flex e-con-boxed e-con e-child\" data-id=\"5090b50\" data-element_type=\"container\">\n\t\t\t\t\t<div class=\"e-con-inner\">\n\t\t\t\t<div class=\"elementor-element elementor-element-13436f6 elementor-arrows-position-outside elementor--h-position-center elementor--v-position-middle elementor-widget elementor-widget-slides\" data-id=\"13436f6\" data-element_type=\"widget\" data-settings=\"{&quot;navigation&quot;:&quot;arrows&quot;,&quot;transition&quot;:&quot;fade&quot;,&quot;transition_speed&quot;:600,&quot;infinite&quot;:&quot;yes&quot;}\" data-widget_type=\"slides.default\">\n\t\t\t\t<div class=\"elementor-widget-container\">\n\t\t\t\t\t\t\t\t\t<div class=\"elementor-swiper\">\n\t\t\t\t\t<div class=\"elementor-slides-wrapper elementor-main-swiper swiper\" role=\"region\" aria-roledescription=\"carousel\" aria-label=\"Slides\" dir=\"ltr\" data-animation=\"fadeInUp\">\n\t\t\t\t<div class=\"swiper-wrapper elementor-slides\">\n\t\t\t\t\t\t\t\t\t\t<div class=\"elementor-repeater-item-6d09c2f swiper-slide\" role=\"group\" aria-roledescription=\"slide\"><div class=\"swiper-slide-bg\" role=\"img\"><\/div><div class=\"elementor-background-overlay\"><\/div><a class=\"swiper-slide-inner\" href=\"\/produtos\"><div class=\"swiper-slide-contents\"><div class=\"elementor-slide-heading\">Correias sincronizadas<\/div><div  class=\"elementor-button elementor-slide-button elementor-size-sm\">Veja mais<\/div><\/div><\/a><\/div><div class=\"elementor-repeater-item-a7a939b swiper-slide\" role=\"group\" aria-roledescription=\"slide\"><div class=\"swiper-slide-bg\" role=\"img\"><\/div><div class=\"elementor-background-overlay\"><\/div><a class=\"swiper-slide-inner\" href=\"\/correias-abertas\"><div class=\"swiper-slide-contents\"><div class=\"elementor-slide-heading\">Correias sincronizadas abertas<\/div><div  class=\"elementor-button elementor-slide-button elementor-size-sm\">Veja mais<\/div><\/div><\/a><\/div><div class=\"elementor-repeater-item-f26e347 swiper-slide\" role=\"group\" aria-roledescription=\"slide\"><div class=\"swiper-slide-bg\" role=\"img\"><\/div><div class=\"elementor-background-overlay\"><\/div><a class=\"swiper-slide-inner\" href=\"\/correias-em-v\"><div class=\"swiper-slide-contents\"><div class=\"elementor-slide-heading\">Correias em V<\/div><div  class=\"elementor-button elementor-slide-button elementor-size-sm\">Veja mais<\/div><\/div><\/a><\/div><div class=\"elementor-repeater-item-b66bcae swiper-slide\" role=\"group\" aria-roledescription=\"slide\"><div class=\"swiper-slide-bg\" role=\"img\"><\/div><div class=\"elementor-background-overlay\"><\/div><a class=\"swiper-slide-inner\" href=\"\/polias-sincronizadas\"><div class=\"swiper-slide-contents\"><div class=\"elementor-slide-heading\">Polias Sincronizadas<\/div><div  class=\"elementor-button elementor-slide-button elementor-size-sm\">Veja mais<\/div><\/div><\/a><\/div>\t\t\t\t<\/div>\n\t\t\t\t\t\t\t\t\t\t\t\t\t\t\t\t\t\t\t\t<div class=\"elementor-swiper-button elementor-swiper-button-prev\" role=\"button\" tabindex=\"0\" aria-label=\"Slide anterior\">\n\t\t\t\t\t\t\t<i aria-hidden=\"true\" class=\"eicon-chevron-left\"><\/i>\t\t\t\t\t\t<\/div>\n\t\t\t\t\t\t<div class=\"elementor-swiper-button elementor-swiper-button-next\" role=\"button\" tabindex=\"0\" aria-label=\"Pr\u00f3ximo slide\">\n\t\t\t\t\t\t\t<i aria-hidden=\"true\" class=\"eicon-chevron-right\"><\/i>\t\t\t\t\t\t<\/div>\n\t\t\t\t\t\t\t\t\t\t\t\t<\/div>\n\t\t\t\t<\/div>\n\t\t\t\t\t\t\t\t<\/div>\n\t\t\t\t<\/div>\n\t\t\t\t\t<\/div>\n\t\t\t\t<\/div>\n\t\t<div class=\"elementor-element elementor-element-bc77615 e-flex e-con-boxed e-con e-child\" data-id=\"bc77615\" data-element_type=\"container\" data-settings=\"{&quot;background_background&quot;:&quot;classic&quot;}\">\n\t\t\t\t\t<div class=\"e-con-inner\">\n\t\t<div class=\"elementor-element elementor-element-bec15b8 e-flex e-con-boxed e-con e-child\" data-id=\"bec15b8\" data-element_type=\"container\" data-settings=\"{&quot;background_background&quot;:&quot;classic&quot;}\">\n\t\t\t\t\t<div class=\"e-con-inner\">\n\t\t\t\t<div class=\"elementor-element elementor-element-6b1868b elementor-widget elementor-widget-heading\" data-id=\"6b1868b\" data-element_type=\"widget\" data-widget_type=\"heading.default\">\n\t\t\t\t<div class=\"elementor-widget-container\">\n\t\t\t\t\t<h2 class=\"elementor-heading-title elementor-size-default\">CORREIAS SINCRONIZADAS<\/h2>\t\t\t\t<\/div>\n\t\t\t\t<\/div>\n\t\t\t\t<div class=\"elementor-element elementor-element-8518313 elementor-widget elementor-widget-text-editor\" data-id=\"8518313\" data-element_type=\"widget\" data-widget_type=\"text-editor.default\">\n\t\t\t\t<div class=\"elementor-widget-container\">\n\t\t\t\t\t\t\t\t\tAplica\u00e7\u00e3o: sistemas de transmiss\u00e3o de pot\u00eancia ou transporte onde h\u00e1 necessidade de precis\u00e3o nos movimentos\t\t\t\t\t\t\t\t<\/div>\n\t\t\t\t<\/div>\n\t\t\t\t\t<\/div>\n\t\t\t\t<\/div>\n\t\t<div class=\"elementor-element elementor-element-80e72ed e-flex e-con-boxed e-con e-child\" data-id=\"80e72ed\" data-element_type=\"container\" data-settings=\"{&quot;background_background&quot;:&quot;classic&quot;}\">\n\t\t\t\t\t<div class=\"e-con-inner\">\n\t\t\t\t<div class=\"elementor-element elementor-element-a13163f elementor-widget elementor-widget-heading\" data-id=\"a13163f\" data-element_type=\"widget\" data-widget_type=\"heading.default\">\n\t\t\t\t<div class=\"elementor-widget-container\">\n\t\t\t\t\t<h2 class=\"elementor-heading-title elementor-size-default\">CORREIAS ABERTAS<\/h2>\t\t\t\t<\/div>\n\t\t\t\t<\/div>\n\t\t\t\t<div class=\"elementor-element elementor-element-bd9b3c0 elementor-widget elementor-widget-text-editor\" data-id=\"bd9b3c0\" data-element_type=\"widget\" data-widget_type=\"text-editor.default\">\n\t\t\t\t<div class=\"elementor-widget-container\">\n\t\t\t\t\t\t\t\t\tAplica\u00e7\u00e3o: sistemas de movimenta\u00e7\u00e3o onde h\u00e1 necessidade de precis\u00e3o nos movimentos. Essas correias podem ser emendadas para uso espec\u00edfico de transporte\t\t\t\t\t\t\t\t<\/div>\n\t\t\t\t<\/div>\n\t\t\t\t\t<\/div>\n\t\t\t\t<\/div>\n\t\t<div class=\"elementor-element elementor-element-425e82f e-flex e-con-boxed e-con e-child\" data-id=\"425e82f\" data-element_type=\"container\" data-settings=\"{&quot;background_background&quot;:&quot;classic&quot;}\">\n\t\t\t\t\t<div class=\"e-con-inner\">\n\t\t\t\t<div class=\"elementor-element elementor-element-e2862f4 elementor-widget elementor-widget-heading\" data-id=\"e2862f4\" data-element_type=\"widget\" data-widget_type=\"heading.default\">\n\t\t\t\t<div class=\"elementor-widget-container\">\n\t\t\t\t\t<h2 class=\"elementor-heading-title elementor-size-default\">CORREIAS EM V<\/h2>\t\t\t\t<\/div>\n\t\t\t\t<\/div>\n\t\t\t\t<div class=\"elementor-element elementor-element-ab5446e elementor-widget elementor-widget-text-editor\" data-id=\"ab5446e\" data-element_type=\"widget\" data-widget_type=\"text-editor.default\">\n\t\t\t\t<div class=\"elementor-widget-container\">\n\t\t\t\t\t\t\t\t\tAplica\u00e7\u00e3o: sistemas de transmiss\u00e3o de pot\u00eancia em geral para o mercado industrial\t\t\t\t\t\t\t\t<\/div>\n\t\t\t\t<\/div>\n\t\t\t\t\t<\/div>\n\t\t\t\t<\/div>\n\t\t\t\t\t<\/div>\n\t\t\t\t<\/div>\n\t\t\t\t\t<\/div>\n\t\t\t\t<\/div>\n\t\t\t\t<\/div>\n\t\t","protected":false},"excerpt":{"rendered":"<p>Nossa hist\u00f3ria A Donato Solu\u00e7\u00f5es Industrias, possui 20 anos de experi\u00eancia no mercado de Correias. Temos como miss\u00e3o solucionar problemas existentes e desenvolver novos projetos. Qualidade Efici\u00eancia Experi\u00eancia Inova\u00e7\u00e3o Produtos Veja nossos produtos e suas especifica\u00e7\u00f5es Correias sincronizadasVeja maisCorreias sincronizadas abertasVeja maisCorreias em VVeja maisPolias SincronizadasVeja mais Previous slide Next slide CORREIAS SINCRONIZADAS Aplica\u00e7\u00e3o: sistemas [&hellip;]<\/p>\n","protected":false},"author":1,"featured_media":0,"parent":0,"menu_order":0,"comment_status":"closed","ping_status":"closed","template":"elementor_header_footer","meta":{"footnotes":""},"class_list":["post-39","page","type-page","status-publish","hentry"],"yoast_head":"<!-- This site is optimized with the Yoast SEO plugin v26.4 - https:\/\/yoast.com\/wordpress\/plugins\/seo\/ -->\n<title>Home - Donato Solu\u00e7\u00f5es<\/title>\n<meta name=\"robots\" content=\"index, follow, max-snippet:-1, max-image-preview:large, max-video-preview:-1\" \/>\n<link rel=\"canonical\" href=\"https:\/\/donatosolucoes.com.br\/\" \/>\n<meta property=\"og:locale\" content=\"pt_BR\" \/>\n<meta property=\"og:type\" content=\"article\" \/>\n<meta property=\"og:title\" content=\"Home - Donato Solu\u00e7\u00f5es\" \/>\n<meta property=\"og:description\" content=\"Nossa hist\u00f3ria A Donato Solu\u00e7\u00f5es Industrias, possui 20 anos de experi\u00eancia no mercado de Correias. Temos como miss\u00e3o solucionar problemas existentes e desenvolver novos projetos. Qualidade Efici\u00eancia Experi\u00eancia Inova\u00e7\u00e3o Produtos Veja nossos produtos e suas especifica\u00e7\u00f5es Correias sincronizadasVeja maisCorreias sincronizadas abertasVeja maisCorreias em VVeja maisPolias SincronizadasVeja mais Previous slide Next slide CORREIAS SINCRONIZADAS Aplica\u00e7\u00e3o: sistemas [&hellip;]\" \/>\n<meta property=\"og:url\" content=\"https:\/\/donatosolucoes.com.br\/\" \/>\n<meta property=\"og:site_name\" content=\"Donato Solu\u00e7\u00f5es\" \/>\n<meta property=\"article:modified_time\" content=\"2024-08-14T14:13:54+00:00\" \/>\n<meta property=\"og:image\" content=\"http:\/\/donatosolucoes.com.br\/wp-content\/uploads\/2024\/08\/Logo-Donato.png\" \/>\n<meta name=\"twitter:card\" content=\"summary_large_image\" \/>\n<meta name=\"twitter:label1\" content=\"Est. tempo de leitura\" \/>\n\t<meta name=\"twitter:data1\" content=\"1 minuto\" \/>\n<script type=\"application\/ld+json\" class=\"yoast-schema-graph\">{\"@context\":\"https:\/\/schema.org\",\"@graph\":[{\"@type\":\"WebPage\",\"@id\":\"https:\/\/donatosolucoes.com.br\/\",\"url\":\"https:\/\/donatosolucoes.com.br\/\",\"name\":\"Home - Donato Solu\u00e7\u00f5es\",\"isPartOf\":{\"@id\":\"https:\/\/donatosolucoes.com.br\/#website\"},\"primaryImageOfPage\":{\"@id\":\"https:\/\/donatosolucoes.com.br\/#primaryimage\"},\"image\":{\"@id\":\"https:\/\/donatosolucoes.com.br\/#primaryimage\"},\"thumbnailUrl\":\"http:\/\/donatosolucoes.com.br\/wp-content\/uploads\/2024\/08\/Logo-Donato.png\",\"datePublished\":\"2023-06-29T22:55:39+00:00\",\"dateModified\":\"2024-08-14T14:13:54+00:00\",\"breadcrumb\":{\"@id\":\"https:\/\/donatosolucoes.com.br\/#breadcrumb\"},\"inLanguage\":\"pt-BR\",\"potentialAction\":[{\"@type\":\"ReadAction\",\"target\":[\"https:\/\/donatosolucoes.com.br\/\"]}]},{\"@type\":\"ImageObject\",\"inLanguage\":\"pt-BR\",\"@id\":\"https:\/\/donatosolucoes.com.br\/#primaryimage\",\"url\":\"https:\/\/donatosolucoes.com.br\/wp-content\/uploads\/2024\/08\/Logo-Donato.png\",\"contentUrl\":\"https:\/\/donatosolucoes.com.br\/wp-content\/uploads\/2024\/08\/Logo-Donato.png\",\"width\":778,\"height\":366},{\"@type\":\"BreadcrumbList\",\"@id\":\"https:\/\/donatosolucoes.com.br\/#breadcrumb\",\"itemListElement\":[{\"@type\":\"ListItem\",\"position\":1,\"name\":\"In\u00edcio\",\"item\":\"https:\/\/donatosolucoes.com.br\/\"},{\"@type\":\"ListItem\",\"position\":2,\"name\":\"Home\"}]},{\"@type\":\"WebSite\",\"@id\":\"https:\/\/donatosolucoes.com.br\/#website\",\"url\":\"https:\/\/donatosolucoes.com.br\/\",\"name\":\"Donato Solu\u00e7\u00f5es\",\"description\":\"Solu\u00e7\u00f5es Industriais\",\"potentialAction\":[{\"@type\":\"SearchAction\",\"target\":{\"@type\":\"EntryPoint\",\"urlTemplate\":\"https:\/\/donatosolucoes.com.br\/?s={search_term_string}\"},\"query-input\":{\"@type\":\"PropertyValueSpecification\",\"valueRequired\":true,\"valueName\":\"search_term_string\"}}],\"inLanguage\":\"pt-BR\"}]}<\/script>\n<!-- \/ Yoast SEO plugin. -->","yoast_head_json":{"title":"Home - Donato Solu\u00e7\u00f5es","robots":{"index":"index","follow":"follow","max-snippet":"max-snippet:-1","max-image-preview":"max-image-preview:large","max-video-preview":"max-video-preview:-1"},"canonical":"https:\/\/donatosolucoes.com.br\/","og_locale":"pt_BR","og_type":"article","og_title":"Home - Donato Solu\u00e7\u00f5es","og_description":"Nossa hist\u00f3ria A Donato Solu\u00e7\u00f5es Industrias, possui 20 anos de experi\u00eancia no mercado de Correias. Temos como miss\u00e3o solucionar problemas existentes e desenvolver novos projetos. Qualidade Efici\u00eancia Experi\u00eancia Inova\u00e7\u00e3o Produtos Veja nossos produtos e suas especifica\u00e7\u00f5es Correias sincronizadasVeja maisCorreias sincronizadas abertasVeja maisCorreias em VVeja maisPolias SincronizadasVeja mais Previous slide Next slide CORREIAS SINCRONIZADAS Aplica\u00e7\u00e3o: sistemas [&hellip;]","og_url":"https:\/\/donatosolucoes.com.br\/","og_site_name":"Donato Solu\u00e7\u00f5es","article_modified_time":"2024-08-14T14:13:54+00:00","og_image":[{"url":"http:\/\/donatosolucoes.com.br\/wp-content\/uploads\/2024\/08\/Logo-Donato.png","type":"","width":"","height":""}],"twitter_card":"summary_large_image","twitter_misc":{"Est. tempo de leitura":"1 minuto"},"schema":{"@context":"https:\/\/schema.org","@graph":[{"@type":"WebPage","@id":"https:\/\/donatosolucoes.com.br\/","url":"https:\/\/donatosolucoes.com.br\/","name":"Home - Donato Solu\u00e7\u00f5es","isPartOf":{"@id":"https:\/\/donatosolucoes.com.br\/#website"},"primaryImageOfPage":{"@id":"https:\/\/donatosolucoes.com.br\/#primaryimage"},"image":{"@id":"https:\/\/donatosolucoes.com.br\/#primaryimage"},"thumbnailUrl":"http:\/\/donatosolucoes.com.br\/wp-content\/uploads\/2024\/08\/Logo-Donato.png","datePublished":"2023-06-29T22:55:39+00:00","dateModified":"2024-08-14T14:13:54+00:00","breadcrumb":{"@id":"https:\/\/donatosolucoes.com.br\/#breadcrumb"},"inLanguage":"pt-BR","potentialAction":[{"@type":"ReadAction","target":["https:\/\/donatosolucoes.com.br\/"]}]},{"@type":"ImageObject","inLanguage":"pt-BR","@id":"https:\/\/donatosolucoes.com.br\/#primaryimage","url":"https:\/\/donatosolucoes.com.br\/wp-content\/uploads\/2024\/08\/Logo-Donato.png","contentUrl":"https:\/\/donatosolucoes.com.br\/wp-content\/uploads\/2024\/08\/Logo-Donato.png","width":778,"height":366},{"@type":"BreadcrumbList","@id":"https:\/\/donatosolucoes.com.br\/#breadcrumb","itemListElement":[{"@type":"ListItem","position":1,"name":"In\u00edcio","item":"https:\/\/donatosolucoes.com.br\/"},{"@type":"ListItem","position":2,"name":"Home"}]},{"@type":"WebSite","@id":"https:\/\/donatosolucoes.com.br\/#website","url":"https:\/\/donatosolucoes.com.br\/","name":"Donato Solu\u00e7\u00f5es","description":"Solu\u00e7\u00f5es Industriais","potentialAction":[{"@type":"SearchAction","target":{"@type":"EntryPoint","urlTemplate":"https:\/\/donatosolucoes.com.br\/?s={search_term_string}"},"query-input":{"@type":"PropertyValueSpecification","valueRequired":true,"valueName":"search_term_string"}}],"inLanguage":"pt-BR"}]}},"_links":{"self":[{"href":"https:\/\/donatosolucoes.com.br\/index.php\/wp-json\/wp\/v2\/pages\/39","targetHints":{"allow":["GET"]}}],"collection":[{"href":"https:\/\/donatosolucoes.com.br\/index.php\/wp-json\/wp\/v2\/pages"}],"about":[{"href":"https:\/\/donatosolucoes.com.br\/index.php\/wp-json\/wp\/v2\/types\/page"}],"author":[{"embeddable":true,"href":"https:\/\/donatosolucoes.com.br\/index.php\/wp-json\/wp\/v2\/users\/1"}],"replies":[{"embeddable":true,"href":"https:\/\/donatosolucoes.com.br\/index.php\/wp-json\/wp\/v2\/comments?post=39"}],"version-history":[{"count":76,"href":"https:\/\/donatosolucoes.com.br\/index.php\/wp-json\/wp\/v2\/pages\/39\/revisions"}],"predecessor-version":[{"id":387,"href":"https:\/\/donatosolucoes.com.br\/index.php\/wp-json\/wp\/v2\/pages\/39\/revisions\/387"}],"wp:attachment":[{"href":"https:\/\/donatosolucoes.com.br\/index.php\/wp-json\/wp\/v2\/media?parent=39"}],"curies":[{"name":"wp","href":"https:\/\/api.w.org\/{rel}","templated":true}]}}