{"id":51,"date":"2023-06-30T10:26:07","date_gmt":"2023-06-30T13:26:07","guid":{"rendered":"https:\/\/donatosolucoes.com.br\/?page_id=51"},"modified":"2023-07-03T13:25:47","modified_gmt":"2023-07-03T16:25:47","slug":"polias-sincronizadas","status":"publish","type":"page","link":"https:\/\/donatosolucoes.com.br\/index.php\/polias-sincronizadas\/","title":{"rendered":"Polias Sincronizadas"},"content":{"rendered":"\t\t<div data-elementor-type=\"wp-page\" data-elementor-id=\"51\" class=\"elementor elementor-51\" data-elementor-post-type=\"page\">\n\t\t\t\t<div class=\"elementor-element elementor-element-99114c8 e-flex e-con-boxed e-con e-parent\" data-id=\"99114c8\" data-element_type=\"container\" data-settings=\"{&quot;background_background&quot;:&quot;classic&quot;,&quot;shape_divider_bottom&quot;:&quot;mountains&quot;}\">\n\t\t\t\t\t<div class=\"e-con-inner\">\n\t\t\t\t<div class=\"elementor-shape elementor-shape-bottom\" data-negative=\"false\">\n\t\t\t<svg xmlns=\"http:\/\/www.w3.org\/2000\/svg\" viewBox=\"0 0 1000 100\" preserveAspectRatio=\"none\">\n\t<path class=\"elementor-shape-fill\" opacity=\"0.33\" d=\"M473,67.3c-203.9,88.3-263.1-34-320.3,0C66,119.1,0,59.7,0,59.7V0h1000v59.7 c0,0-62.1,26.1-94.9,29.3c-32.8,3.3-62.8-12.3-75.8-22.1C806,49.6,745.3,8.7,694.9,4.7S492.4,59,473,67.3z\"\/>\n\t<path class=\"elementor-shape-fill\" opacity=\"0.66\" d=\"M734,67.3c-45.5,0-77.2-23.2-129.1-39.1c-28.6-8.7-150.3-10.1-254,39.1 s-91.7-34.4-149.2,0C115.7,118.3,0,39.8,0,39.8V0h1000v36.5c0,0-28.2-18.5-92.1-18.5C810.2,18.1,775.7,67.3,734,67.3z\"\/>\n\t<path class=\"elementor-shape-fill\" d=\"M766.1,28.9c-200-57.5-266,65.5-395.1,19.5C242,1.8,242,5.4,184.8,20.6C128,35.8,132.3,44.9,89.9,52.5C28.6,63.7,0,0,0,0 h1000c0,0-9.9,40.9-83.6,48.1S829.6,47,766.1,28.9z\"\/>\n<\/svg>\t\t<\/div>\n\t\t\t\t<div class=\"elementor-element elementor-element-1f9a49d elementor-widget elementor-widget-heading\" data-id=\"1f9a49d\" data-element_type=\"widget\" data-widget_type=\"heading.default\">\n\t\t\t\t<div class=\"elementor-widget-container\">\n\t\t\t\t\t<h2 class=\"elementor-heading-title elementor-size-default\">Polias Sincronizadas<\/h2>\t\t\t\t<\/div>\n\t\t\t\t<\/div>\n\t\t\t\t\t<\/div>\n\t\t\t\t<\/div>\n\t\t<div class=\"elementor-element elementor-element-0b38b95 e-flex e-con-boxed e-con e-parent\" data-id=\"0b38b95\" data-element_type=\"container\" data-settings=\"{&quot;background_background&quot;:&quot;classic&quot;}\">\n\t\t\t\t\t<div class=\"e-con-inner\">\n\t\t<div class=\"elementor-element elementor-element-b2a8890 e-flex e-con-boxed e-con e-parent\" data-id=\"b2a8890\" data-element_type=\"container\" data-settings=\"{&quot;background_background&quot;:&quot;classic&quot;}\">\n\t\t\t\t\t<div class=\"e-con-inner\">\n\t\t\t\t<div class=\"elementor-element elementor-element-648c1dd animated-slow elementor-invisible elementor-widget elementor-widget-image\" data-id=\"648c1dd\" data-element_type=\"widget\" data-settings=\"{&quot;_animation&quot;:&quot;fadeIn&quot;}\" data-widget_type=\"image.default\">\n\t\t\t\t<div class=\"elementor-widget-container\">\n\t\t\t\t\t\t\t\t\t\t\t\t\t\t\t<img fetchpriority=\"high\" decoding=\"async\" width=\"600\" height=\"600\" src=\"https:\/\/donatosolucoes.com.br\/wp-content\/uploads\/2023\/06\/polias.jpg\" class=\"attachment-full size-full wp-image-21\" alt=\"\" srcset=\"https:\/\/donatosolucoes.com.br\/wp-content\/uploads\/2023\/06\/polias.jpg 600w, https:\/\/donatosolucoes.com.br\/wp-content\/uploads\/2023\/06\/polias-300x300.jpg 300w, https:\/\/donatosolucoes.com.br\/wp-content\/uploads\/2023\/06\/polias-150x150.jpg 150w\" sizes=\"(max-width: 600px) 100vw, 600px\" \/>\t\t\t\t\t\t\t\t\t\t\t\t\t\t\t<\/div>\n\t\t\t\t<\/div>\n\t\t\t\t<div class=\"elementor-element elementor-element-5131b10 elementor-widget elementor-widget-heading\" data-id=\"5131b10\" data-element_type=\"widget\" data-widget_type=\"heading.default\">\n\t\t\t\t<div class=\"elementor-widget-container\">\n\t\t\t\t\t<h2 class=\"elementor-heading-title elementor-size-default\">POLIAS<\/h2>\t\t\t\t<\/div>\n\t\t\t\t<\/div>\n\t\t\t\t<div class=\"elementor-element elementor-element-9b38e35 elementor-widget-divider--view-line elementor-widget elementor-widget-divider\" data-id=\"9b38e35\" data-element_type=\"widget\" data-widget_type=\"divider.default\">\n\t\t\t\t<div class=\"elementor-widget-container\">\n\t\t\t\t\t\t\t<div class=\"elementor-divider\">\n\t\t\t<span class=\"elementor-divider-separator\">\n\t\t\t\t\t\t<\/span>\n\t\t<\/div>\n\t\t\t\t\t\t<\/div>\n\t\t\t\t<\/div>\n\t\t\t\t<div class=\"elementor-element elementor-element-62b37a8 elementor-widget__width-initial elementor-widget elementor-widget-text-editor\" data-id=\"62b37a8\" data-element_type=\"widget\" data-widget_type=\"text-editor.default\">\n\t\t\t\t<div class=\"elementor-widget-container\">\n\t\t\t\t\t\t\t\t\tAtendemos o mercado com toda linha de polias sincronizadas fabricadas em todos os passos e perfis comerciais\t\t\t\t\t\t\t\t<\/div>\n\t\t\t\t<\/div>\n\t\t\t\t\t<\/div>\n\t\t\t\t<\/div>\n\t\t\t\t\t<\/div>\n\t\t\t\t<\/div>\n\t\t\t\t<\/div>\n\t\t","protected":false},"excerpt":{"rendered":"<p>Polias Sincronizadas POLIAS Atendemos o mercado com toda linha de polias sincronizadas fabricadas em todos os passos e perfis comerciais<\/p>\n","protected":false},"author":1,"featured_media":0,"parent":0,"menu_order":0,"comment_status":"closed","ping_status":"closed","template":"elementor_header_footer","meta":{"footnotes":""},"class_list":["post-51","page","type-page","status-publish","hentry"],"yoast_head":"<!-- This site is optimized with the Yoast SEO plugin v26.4 - https:\/\/yoast.com\/wordpress\/plugins\/seo\/ -->\n<title>Polias Sincronizadas - Donato Solu\u00e7\u00f5es<\/title>\n<meta name=\"robots\" content=\"index, follow, max-snippet:-1, max-image-preview:large, max-video-preview:-1\" \/>\n<link rel=\"canonical\" href=\"https:\/\/donatosolucoes.com.br\/index.php\/polias-sincronizadas\/\" \/>\n<meta property=\"og:locale\" content=\"pt_BR\" \/>\n<meta property=\"og:type\" content=\"article\" \/>\n<meta property=\"og:title\" content=\"Polias Sincronizadas - Donato Solu\u00e7\u00f5es\" \/>\n<meta property=\"og:description\" content=\"Polias Sincronizadas POLIAS Atendemos o mercado com toda linha de polias sincronizadas fabricadas em todos os passos e perfis comerciais\" \/>\n<meta property=\"og:url\" content=\"https:\/\/donatosolucoes.com.br\/index.php\/polias-sincronizadas\/\" \/>\n<meta property=\"og:site_name\" content=\"Donato Solu\u00e7\u00f5es\" \/>\n<meta property=\"article:modified_time\" content=\"2023-07-03T16:25:47+00:00\" \/>\n<meta property=\"og:image\" content=\"http:\/\/donatosolucoes.com.br\/wp-content\/uploads\/2023\/06\/polias.jpg\" \/>\n<meta name=\"twitter:card\" content=\"summary_large_image\" \/>\n<script type=\"application\/ld+json\" class=\"yoast-schema-graph\">{\"@context\":\"https:\/\/schema.org\",\"@graph\":[{\"@type\":\"WebPage\",\"@id\":\"https:\/\/donatosolucoes.com.br\/index.php\/polias-sincronizadas\/\",\"url\":\"https:\/\/donatosolucoes.com.br\/index.php\/polias-sincronizadas\/\",\"name\":\"Polias Sincronizadas - Donato Solu\u00e7\u00f5es\",\"isPartOf\":{\"@id\":\"https:\/\/donatosolucoes.com.br\/#website\"},\"primaryImageOfPage\":{\"@id\":\"https:\/\/donatosolucoes.com.br\/index.php\/polias-sincronizadas\/#primaryimage\"},\"image\":{\"@id\":\"https:\/\/donatosolucoes.com.br\/index.php\/polias-sincronizadas\/#primaryimage\"},\"thumbnailUrl\":\"http:\/\/donatosolucoes.com.br\/wp-content\/uploads\/2023\/06\/polias.jpg\",\"datePublished\":\"2023-06-30T13:26:07+00:00\",\"dateModified\":\"2023-07-03T16:25:47+00:00\",\"breadcrumb\":{\"@id\":\"https:\/\/donatosolucoes.com.br\/index.php\/polias-sincronizadas\/#breadcrumb\"},\"inLanguage\":\"pt-BR\",\"potentialAction\":[{\"@type\":\"ReadAction\",\"target\":[\"https:\/\/donatosolucoes.com.br\/index.php\/polias-sincronizadas\/\"]}]},{\"@type\":\"ImageObject\",\"inLanguage\":\"pt-BR\",\"@id\":\"https:\/\/donatosolucoes.com.br\/index.php\/polias-sincronizadas\/#primaryimage\",\"url\":\"https:\/\/donatosolucoes.com.br\/wp-content\/uploads\/2023\/06\/polias.jpg\",\"contentUrl\":\"https:\/\/donatosolucoes.com.br\/wp-content\/uploads\/2023\/06\/polias.jpg\",\"width\":600,\"height\":600},{\"@type\":\"BreadcrumbList\",\"@id\":\"https:\/\/donatosolucoes.com.br\/index.php\/polias-sincronizadas\/#breadcrumb\",\"itemListElement\":[{\"@type\":\"ListItem\",\"position\":1,\"name\":\"In\u00edcio\",\"item\":\"https:\/\/donatosolucoes.com.br\/\"},{\"@type\":\"ListItem\",\"position\":2,\"name\":\"Polias Sincronizadas\"}]},{\"@type\":\"WebSite\",\"@id\":\"https:\/\/donatosolucoes.com.br\/#website\",\"url\":\"https:\/\/donatosolucoes.com.br\/\",\"name\":\"Donato Solu\u00e7\u00f5es\",\"description\":\"Solu\u00e7\u00f5es Industriais\",\"potentialAction\":[{\"@type\":\"SearchAction\",\"target\":{\"@type\":\"EntryPoint\",\"urlTemplate\":\"https:\/\/donatosolucoes.com.br\/?s={search_term_string}\"},\"query-input\":{\"@type\":\"PropertyValueSpecification\",\"valueRequired\":true,\"valueName\":\"search_term_string\"}}],\"inLanguage\":\"pt-BR\"}]}<\/script>\n<!-- \/ Yoast SEO plugin. -->","yoast_head_json":{"title":"Polias Sincronizadas - Donato Solu\u00e7\u00f5es","robots":{"index":"index","follow":"follow","max-snippet":"max-snippet:-1","max-image-preview":"max-image-preview:large","max-video-preview":"max-video-preview:-1"},"canonical":"https:\/\/donatosolucoes.com.br\/index.php\/polias-sincronizadas\/","og_locale":"pt_BR","og_type":"article","og_title":"Polias Sincronizadas - Donato Solu\u00e7\u00f5es","og_description":"Polias Sincronizadas POLIAS Atendemos o mercado com toda linha de polias sincronizadas fabricadas em todos os passos e perfis comerciais","og_url":"https:\/\/donatosolucoes.com.br\/index.php\/polias-sincronizadas\/","og_site_name":"Donato Solu\u00e7\u00f5es","article_modified_time":"2023-07-03T16:25:47+00:00","og_image":[{"url":"http:\/\/donatosolucoes.com.br\/wp-content\/uploads\/2023\/06\/polias.jpg","type":"","width":"","height":""}],"twitter_card":"summary_large_image","schema":{"@context":"https:\/\/schema.org","@graph":[{"@type":"WebPage","@id":"https:\/\/donatosolucoes.com.br\/index.php\/polias-sincronizadas\/","url":"https:\/\/donatosolucoes.com.br\/index.php\/polias-sincronizadas\/","name":"Polias Sincronizadas - Donato Solu\u00e7\u00f5es","isPartOf":{"@id":"https:\/\/donatosolucoes.com.br\/#website"},"primaryImageOfPage":{"@id":"https:\/\/donatosolucoes.com.br\/index.php\/polias-sincronizadas\/#primaryimage"},"image":{"@id":"https:\/\/donatosolucoes.com.br\/index.php\/polias-sincronizadas\/#primaryimage"},"thumbnailUrl":"http:\/\/donatosolucoes.com.br\/wp-content\/uploads\/2023\/06\/polias.jpg","datePublished":"2023-06-30T13:26:07+00:00","dateModified":"2023-07-03T16:25:47+00:00","breadcrumb":{"@id":"https:\/\/donatosolucoes.com.br\/index.php\/polias-sincronizadas\/#breadcrumb"},"inLanguage":"pt-BR","potentialAction":[{"@type":"ReadAction","target":["https:\/\/donatosolucoes.com.br\/index.php\/polias-sincronizadas\/"]}]},{"@type":"ImageObject","inLanguage":"pt-BR","@id":"https:\/\/donatosolucoes.com.br\/index.php\/polias-sincronizadas\/#primaryimage","url":"https:\/\/donatosolucoes.com.br\/wp-content\/uploads\/2023\/06\/polias.jpg","contentUrl":"https:\/\/donatosolucoes.com.br\/wp-content\/uploads\/2023\/06\/polias.jpg","width":600,"height":600},{"@type":"BreadcrumbList","@id":"https:\/\/donatosolucoes.com.br\/index.php\/polias-sincronizadas\/#breadcrumb","itemListElement":[{"@type":"ListItem","position":1,"name":"In\u00edcio","item":"https:\/\/donatosolucoes.com.br\/"},{"@type":"ListItem","position":2,"name":"Polias Sincronizadas"}]},{"@type":"WebSite","@id":"https:\/\/donatosolucoes.com.br\/#website","url":"https:\/\/donatosolucoes.com.br\/","name":"Donato Solu\u00e7\u00f5es","description":"Solu\u00e7\u00f5es Industriais","potentialAction":[{"@type":"SearchAction","target":{"@type":"EntryPoint","urlTemplate":"https:\/\/donatosolucoes.com.br\/?s={search_term_string}"},"query-input":{"@type":"PropertyValueSpecification","valueRequired":true,"valueName":"search_term_string"}}],"inLanguage":"pt-BR"}]}},"_links":{"self":[{"href":"https:\/\/donatosolucoes.com.br\/index.php\/wp-json\/wp\/v2\/pages\/51","targetHints":{"allow":["GET"]}}],"collection":[{"href":"https:\/\/donatosolucoes.com.br\/index.php\/wp-json\/wp\/v2\/pages"}],"about":[{"href":"https:\/\/donatosolucoes.com.br\/index.php\/wp-json\/wp\/v2\/types\/page"}],"author":[{"embeddable":true,"href":"https:\/\/donatosolucoes.com.br\/index.php\/wp-json\/wp\/v2\/users\/1"}],"replies":[{"embeddable":true,"href":"https:\/\/donatosolucoes.com.br\/index.php\/wp-json\/wp\/v2\/comments?post=51"}],"version-history":[{"count":28,"href":"https:\/\/donatosolucoes.com.br\/index.php\/wp-json\/wp\/v2\/pages\/51\/revisions"}],"predecessor-version":[{"id":351,"href":"https:\/\/donatosolucoes.com.br\/index.php\/wp-json\/wp\/v2\/pages\/51\/revisions\/351"}],"wp:attachment":[{"href":"https:\/\/donatosolucoes.com.br\/index.php\/wp-json\/wp\/v2\/media?parent=51"}],"curies":[{"name":"wp","href":"https:\/\/api.w.org\/{rel}","templated":true}]}}